{"id":8,"date":"2025-04-25T11:29:00","date_gmt":"2025-04-25T09:29:00","guid":{"rendered":"http:\/\/mgkinesport.lu\/wordpress\/?page_id=8"},"modified":"2026-03-13T21:54:55","modified_gmt":"2026-03-13T20:54:55","slug":"accueil","status":"publish","type":"page","link":"https:\/\/mgkinesport.lu\/wordpress\/","title":{"rendered":"Accueil"},"content":{"rendered":"\n<p class=\"has-text-align-center has-text-color has-link-color has-large-font-size wp-elements-0e4cbb3ebcff692f16a6bbc2bf12df66\" style=\"color:#233259;font-style:italic;font-weight:600\">&lsquo;Rehabilitation is sport in the presence of injury&rsquo;<\/p>\n\n\n\n<p><\/p>\n\n\n\n<figure class=\"wp-block-image size-large\"><img loading=\"lazy\" decoding=\"async\" width=\"1024\" height=\"449\" src=\"https:\/\/mgkinesport.lu\/wordpress\/wp-content\/uploads\/2025\/12\/DSCF1400-1-1024x449.jpg\" alt=\"\" class=\"wp-image-650\" srcset=\"https:\/\/mgkinesport.lu\/wordpress\/wp-content\/uploads\/2025\/12\/DSCF1400-1-1024x449.jpg 1024w, https:\/\/mgkinesport.lu\/wordpress\/wp-content\/uploads\/2025\/12\/DSCF1400-1-300x132.jpg 300w, https:\/\/mgkinesport.lu\/wordpress\/wp-content\/uploads\/2025\/12\/DSCF1400-1-768x337.jpg 768w, https:\/\/mgkinesport.lu\/wordpress\/wp-content\/uploads\/2025\/12\/DSCF1400-1-1536x674.jpg 1536w, https:\/\/mgkinesport.lu\/wordpress\/wp-content\/uploads\/2025\/12\/DSCF1400-1-2048x899.jpg 2048w\" sizes=\"auto, (max-width: 1024px) 100vw, 1024px\" \/><\/figure>\n\n\n\n<p><\/p>\n\n\n\n<p class=\"has-text-color has-link-color wp-elements-0cdcd17c327c92462dae1f5ddc00e787\" style=\"color:#233259;font-size:18px\">MG Kin\u00e9 Sport est un cabinet de kin\u00e9sith\u00e9rapie sportive et g\u00e9n\u00e9rale situ\u00e9 \u00e0 Bascharage. Nous accompagnons les sportifs, amateurs comme professionnels, dans leur r\u00e9cup\u00e9ration apr\u00e8s blessure, leur retour au sport et l\u2019optimisation de leurs performances.<\/p>\n\n\n\n<p class=\"has-text-color has-link-color wp-elements-54b63808829877f220a202cbb92eaa17\" style=\"color:#233259;font-size:18px\">Nous prenons \u00e9galement en charge les patients non sportifs souffrant de pathologies musculo-squelettiques ou en phase de r\u00e9\u00e9ducation post-op\u00e9ratoire.<\/p>\n\n\n\n<p class=\"has-text-color has-link-color wp-elements-aff4506961b429ba6fb2b14bcb8f3cdf\" style=\"color:#233259;font-size:18px\">Notre philosophie repose sur une prise en charge active, combinant th\u00e9rapie manuelle et exercices personnalis\u00e9s, afin de favoriser une r\u00e9cup\u00e9ration durable et efficace.<\/p>\n\n\n\n<p class=\"has-text-color has-link-color wp-elements-3be5015443886f60d086f78cb073d17f\" style=\"color:#233259;font-size:18px\"><\/p>\n\n\n\n<p><\/p>\n","protected":false},"excerpt":{"rendered":"<p>&lsquo;Rehabilitation is sport in the presence of injury&rsquo; MG Kin\u00e9 Sport est un cabinet de kin\u00e9sith\u00e9rapie sportive et g\u00e9n\u00e9rale situ\u00e9 \u00e0 Bascharage. Nous accompagnons les sportifs, amateurs comme professionnels, dans leur r\u00e9cup\u00e9ration apr\u00e8s blessure, leur retour au sport et l\u2019optimisation de leurs performances. Nous prenons \u00e9galement en charge les patients non sportifs souffrant de pathologies [&hellip;]<\/p>\n","protected":false},"author":1,"featured_media":0,"parent":0,"menu_order":0,"comment_status":"closed","ping_status":"closed","template":"","meta":{"footnotes":""},"class_list":["post-8","page","type-page","status-publish","hentry"],"_links":{"self":[{"href":"https:\/\/mgkinesport.lu\/wordpress\/wp-json\/wp\/v2\/pages\/8","targetHints":{"allow":["GET"]}}],"collection":[{"href":"https:\/\/mgkinesport.lu\/wordpress\/wp-json\/wp\/v2\/pages"}],"about":[{"href":"https:\/\/mgkinesport.lu\/wordpress\/wp-json\/wp\/v2\/types\/page"}],"author":[{"embeddable":true,"href":"https:\/\/mgkinesport.lu\/wordpress\/wp-json\/wp\/v2\/users\/1"}],"replies":[{"embeddable":true,"href":"https:\/\/mgkinesport.lu\/wordpress\/wp-json\/wp\/v2\/comments?post=8"}],"version-history":[{"count":35,"href":"https:\/\/mgkinesport.lu\/wordpress\/wp-json\/wp\/v2\/pages\/8\/revisions"}],"predecessor-version":[{"id":686,"href":"https:\/\/mgkinesport.lu\/wordpress\/wp-json\/wp\/v2\/pages\/8\/revisions\/686"}],"wp:attachment":[{"href":"https:\/\/mgkinesport.lu\/wordpress\/wp-json\/wp\/v2\/media?parent=8"}],"curies":[{"name":"wp","href":"https:\/\/api.w.org\/{rel}","templated":true}]}}