{"id":41,"date":"2025-04-25T11:41:56","date_gmt":"2025-04-25T09:41:56","guid":{"rendered":"http:\/\/mgkinesport.lu\/wordpress\/?page_id=41"},"modified":"2026-01-25T09:35:08","modified_gmt":"2026-01-25T08:35:08","slug":"a-propos","status":"publish","type":"page","link":"https:\/\/mgkinesport.lu\/wordpress\/a-propos\/","title":{"rendered":"A propos"},"content":{"rendered":"\n<div class=\"wp-block-columns is-layout-flex wp-container-core-columns-is-layout-9d6595d7 wp-block-columns-is-layout-flex\">\n<div class=\"wp-block-column is-layout-flow wp-block-column-is-layout-flow\" style=\"flex-basis:33.33%\"><div class=\"wp-block-image is-style-rounded\">\n<figure class=\"alignright size-full\"><img loading=\"lazy\" decoding=\"async\" width=\"2536\" height=\"2560\" src=\"http:\/\/mgkinesport.lu\/wordpress\/wp-content\/uploads\/2025\/05\/1000008543-scaled.jpg\" alt=\"\" class=\"wp-image-394\" srcset=\"https:\/\/mgkinesport.lu\/wordpress\/wp-content\/uploads\/2025\/05\/1000008543-scaled.jpg 2536w, https:\/\/mgkinesport.lu\/wordpress\/wp-content\/uploads\/2025\/05\/1000008543-297x300.jpg 297w, https:\/\/mgkinesport.lu\/wordpress\/wp-content\/uploads\/2025\/05\/1000008543-1014x1024.jpg 1014w, https:\/\/mgkinesport.lu\/wordpress\/wp-content\/uploads\/2025\/05\/1000008543-150x150.jpg 150w, https:\/\/mgkinesport.lu\/wordpress\/wp-content\/uploads\/2025\/05\/1000008543-768x775.jpg 768w, https:\/\/mgkinesport.lu\/wordpress\/wp-content\/uploads\/2025\/05\/1000008543-1522x1536.jpg 1522w, https:\/\/mgkinesport.lu\/wordpress\/wp-content\/uploads\/2025\/05\/1000008543-2029x2048.jpg 2029w\" sizes=\"auto, (max-width: 2536px) 100vw, 2536px\" \/><\/figure>\n<\/div><\/div>\n\n\n\n<div class=\"wp-block-column is-layout-flow wp-block-column-is-layout-flow\" style=\"flex-basis:66.66%\">\n<h2 class=\"wp-block-heading has-text-color has-link-color wp-elements-9fccc406b3b86f9617464356aee6326b\" style=\"color:#233259\">Maxime Gr\u00e9goire<\/h2>\n\n\n\n<p><\/p>\n\n\n\n<p class=\"has-text-color has-link-color wp-elements-45428180c08459a29f6d4f9413466021\" style=\"color:#233259;font-size:16px\">Avec 10 ans d\u2019exp\u00e9rience en kin\u00e9sith\u00e9rapie sportive et actif dans le milieu du sport depuis toujours, Maxime Gr\u00e9goire a d\u00e9velopp\u00e9 une expertise solide dans la prise en charge des blessures li\u00e9es \u00e0 l\u2019activit\u00e9 physique.<\/p>\n\n\n\n<p class=\"has-text-color has-link-color wp-elements-e1a01933c516c619c309bde60be899e5\" style=\"color:#233259;font-size:16px\">Une pratique quotidienne aupr\u00e8s de sportifs de tous niveaux, un parcours enrichi de formations sp\u00e9cialis\u00e9es et une volont\u00e9 constante de proposer une prise en charge exigeante et adapt\u00e9e, l\u2019ont conduit \u00e0 concr\u00e9tiser un projet qui lui tenait \u00e0 c\u0153ur : la cr\u00e9ation de <em>MG Kin\u00e9 Sport<\/em>, un cabinet situ\u00e9 \u00e0 Bascharage, d\u00e9di\u00e9 \u00e0 la r\u00e9\u00e9ducation sportive de qualit\u00e9, tourn\u00e9e vers la performance et le retour au terrain.<\/p>\n\n\n\n<p class=\"has-text-color has-link-color wp-elements-b4086421698fc3e9097512b5997b69cd\" style=\"color:#233259;font-size:18px\"><strong>Formation<\/strong><\/p>\n\n\n\n<ul class=\"wp-block-list\">\n<li class=\"has-text-color has-link-color wp-elements-5c8648260c89b5054b9b0e862b2570c8\" style=\"color:#233259;font-size:16px\">Clinique du coureur<\/li>\n\n\n\n<li class=\"has-text-color has-link-color wp-elements-0337a56bbdd9fd9fa1f8cc2541cec9d4\" style=\"color:#233259;font-size:16px\">Certificat interuniversitaire en kin\u00e9 du sport (Universit\u00e9 catholique de Louvain \u2013&nbsp; Universit\u00e9 de Li\u00e8ge)<\/li>\n\n\n\n<li class=\"has-text-color has-link-color wp-elements-4ec5c5e6257360d7bd8d41b643c85a6b\" style=\"color:#233259;font-size:16px\">Th\u00e9rapie manuelle orthop\u00e9dique (ALK &#8211; Luxembourg)<\/li>\n\n\n\n<li class=\"has-text-color has-link-color wp-elements-3229b7512a250c507d6ed0d20318b78f\" style=\"color:#233259;font-size:16px\">Master en kin\u00e9sith\u00e9rapie et r\u00e9adaptation (HERS Libramont)<\/li>\n\n\n\n<li class=\"has-text-color has-link-color wp-elements-de5cea7028d398bd066d394a87f4721c\" style=\"color:#233259;font-size:16px\">D.U. Pr\u00e9paration physique (UFR STAPS Dijon)<\/li>\n\n\n\n<li class=\"has-text-color has-link-color wp-elements-a98ca0bf9b649691acf8b89a524ae97c\" style=\"color:#233259;font-size:16px\">Master en sciences de la motricit\u00e9 (Universit\u00e9 de Li\u00e8ge)<\/li>\n<\/ul>\n\n\n\n<p class=\"has-text-color has-link-color wp-elements-152d04bffe9cdfa2dedef2004ae238ce\" style=\"color:#233259;font-size:18px\"><strong>Exp\u00e9rience en kin\u00e9 du sport<\/strong><\/p>\n\n\n\n<ul class=\"wp-block-list\">\n<li class=\"has-text-color has-link-color wp-elements-29fc5e192530967e7472cb62cdcca69a\" style=\"color:#233259;font-size:16px\">Kin\u00e9sith\u00e9rapeute du FC UNA Strassen (BGL league)<\/li>\n\n\n\n<li class=\"has-text-color has-link-color wp-elements-ed8ec149b31d01aaae1427db4276c369\" style=\"color:#233259;font-size:16px\">Kin\u00e9sith\u00e9rapeute du FC Red Star Merl-Belair (2\u00e8me division)<\/li>\n\n\n\n<li class=\"has-text-color has-link-color wp-elements-639a03bbe5e43377c1de161d60c2ba61\" style=\"color:#233259;font-size:16px\">Kin\u00e9sith\u00e9rapeute du FC Blo-Waiss Izeg (2\u00e8me division)<\/li>\n\n\n\n<li class=\"has-text-color has-link-color wp-elements-50630f14fb851bd64d7a8385aacf730a\" style=\"color:#233259;font-size:16px\">Kin\u00e9sith\u00e9rapeute du Tennis Club Les Arquebusiers<\/li>\n\n\n\n<li class=\"has-text-color has-link-color wp-elements-2b090f981937424b5b25910152fb9ffe\" style=\"color:#233259;font-size:16px\">Kin\u00e9sith\u00e9rapeute du tournoi ITF de Esch-sur-Alzette<\/li>\n<\/ul>\n<\/div>\n<\/div>\n\n\n\n<p class=\"is-style-text-subtitle has-text-color has-link-color has-medium-font-size wp-elements-554b200e68c1c07031c41712fda7c8eb\" style=\"color:#233259\"><\/p>\n\n\n\n<p class=\"is-style-text-subtitle has-text-color has-link-color wp-elements-1bee9f3334347e488625e78a4066ac5e\" style=\"color:#233259;font-size:18px\"><strong>Kin\u00e9sith\u00e9rapeute du FC Differdange 03, saison 2025-2026<\/strong><\/p>\n\n\n\n<p class=\"has-text-align-left has-text-color has-link-color wp-elements-f444b440d9a33e88257a0bc2e41efdcc\" style=\"color:#233259;font-size:16px\">Le cabinet MG Kin\u00e9 Sport a le plaisir de collaborer avec le FC Differdange 03, club de football double champion de BGL Ligue (2024 et 2025). Nous prenons en charge la pr\u00e9vention des blessures, les soins et la\u00a0r\u00e9\u00e9ducation\u00a0des joueurs.<\/p>\n\n\n\n<figure class=\"wp-block-image size-large\"><img loading=\"lazy\" decoding=\"async\" width=\"1024\" height=\"674\" src=\"https:\/\/mgkinesport.lu\/wordpress\/wp-content\/uploads\/2025\/09\/Screenshot_20250717_173508_Chrome-taille-75-1024x674.jpg\" alt=\"\" class=\"wp-image-602\" srcset=\"https:\/\/mgkinesport.lu\/wordpress\/wp-content\/uploads\/2025\/09\/Screenshot_20250717_173508_Chrome-taille-75-1024x674.jpg 1024w, https:\/\/mgkinesport.lu\/wordpress\/wp-content\/uploads\/2025\/09\/Screenshot_20250717_173508_Chrome-taille-75-300x198.jpg 300w, https:\/\/mgkinesport.lu\/wordpress\/wp-content\/uploads\/2025\/09\/Screenshot_20250717_173508_Chrome-taille-75-768x506.jpg 768w, https:\/\/mgkinesport.lu\/wordpress\/wp-content\/uploads\/2025\/09\/Screenshot_20250717_173508_Chrome-taille-75-1536x1011.jpg 1536w, https:\/\/mgkinesport.lu\/wordpress\/wp-content\/uploads\/2025\/09\/Screenshot_20250717_173508_Chrome-taille-75-2048x1348.jpg 2048w\" sizes=\"auto, (max-width: 1024px) 100vw, 1024px\" \/><\/figure>\n\n\n\n<p><\/p>\n\n\n\n<p><\/p>\n","protected":false},"excerpt":{"rendered":"<p>Maxime Gr\u00e9goire Avec 10 ans d\u2019exp\u00e9rience en kin\u00e9sith\u00e9rapie sportive et actif dans le milieu du sport depuis toujours, Maxime Gr\u00e9goire a d\u00e9velopp\u00e9 une expertise solide dans la prise en charge des blessures li\u00e9es \u00e0 l\u2019activit\u00e9 physique. Une pratique quotidienne aupr\u00e8s de sportifs de tous niveaux, un parcours enrichi de formations sp\u00e9cialis\u00e9es et une volont\u00e9 constante [&hellip;]<\/p>\n","protected":false},"author":1,"featured_media":0,"parent":0,"menu_order":0,"comment_status":"closed","ping_status":"closed","template":"","meta":{"footnotes":""},"class_list":["post-41","page","type-page","status-publish","hentry"],"_links":{"self":[{"href":"https:\/\/mgkinesport.lu\/wordpress\/wp-json\/wp\/v2\/pages\/41","targetHints":{"allow":["GET"]}}],"collection":[{"href":"https:\/\/mgkinesport.lu\/wordpress\/wp-json\/wp\/v2\/pages"}],"about":[{"href":"https:\/\/mgkinesport.lu\/wordpress\/wp-json\/wp\/v2\/types\/page"}],"author":[{"embeddable":true,"href":"https:\/\/mgkinesport.lu\/wordpress\/wp-json\/wp\/v2\/users\/1"}],"replies":[{"embeddable":true,"href":"https:\/\/mgkinesport.lu\/wordpress\/wp-json\/wp\/v2\/comments?post=41"}],"version-history":[{"count":48,"href":"https:\/\/mgkinesport.lu\/wordpress\/wp-json\/wp\/v2\/pages\/41\/revisions"}],"predecessor-version":[{"id":682,"href":"https:\/\/mgkinesport.lu\/wordpress\/wp-json\/wp\/v2\/pages\/41\/revisions\/682"}],"wp:attachment":[{"href":"https:\/\/mgkinesport.lu\/wordpress\/wp-json\/wp\/v2\/media?parent=41"}],"curies":[{"name":"wp","href":"https:\/\/api.w.org\/{rel}","templated":true}]}}