{"id":32,"date":"2025-04-25T11:37:48","date_gmt":"2025-04-25T09:37:48","guid":{"rendered":"http:\/\/mgkinesport.lu\/wordpress\/?page_id=32"},"modified":"2025-12-22T13:14:25","modified_gmt":"2025-12-22T12:14:25","slug":"services","status":"publish","type":"page","link":"https:\/\/mgkinesport.lu\/wordpress\/services\/","title":{"rendered":"Services"},"content":{"rendered":"\n<p><\/p>\n\n\n\n<p><\/p>\n\n\n\n<div class=\"wp-block-columns is-layout-flex wp-container-core-columns-is-layout-9d6595d7 wp-block-columns-is-layout-flex\">\n<div class=\"wp-block-column is-layout-flow wp-block-column-is-layout-flow\">\n<h2 class=\"wp-block-heading has-text-color has-link-color wp-elements-d9ec68e1a00dd192020edadf34cb1775\" style=\"color:#233259;text-transform:uppercase\">Kin\u00e9 sportive<\/h2>\n\n\n\n<p><\/p>\n\n\n\n<figure class=\"wp-block-image size-large\"><img loading=\"lazy\" decoding=\"async\" width=\"1024\" height=\"683\" src=\"http:\/\/mgkinesport.lu\/wordpress\/wp-content\/uploads\/2025\/05\/Cordes-1024x683.jpg\" alt=\"\" class=\"wp-image-473\" srcset=\"https:\/\/mgkinesport.lu\/wordpress\/wp-content\/uploads\/2025\/05\/Cordes-1024x683.jpg 1024w, https:\/\/mgkinesport.lu\/wordpress\/wp-content\/uploads\/2025\/05\/Cordes-300x200.jpg 300w, https:\/\/mgkinesport.lu\/wordpress\/wp-content\/uploads\/2025\/05\/Cordes-768x512.jpg 768w, https:\/\/mgkinesport.lu\/wordpress\/wp-content\/uploads\/2025\/05\/Cordes-1536x1024.jpg 1536w, https:\/\/mgkinesport.lu\/wordpress\/wp-content\/uploads\/2025\/05\/Cordes-2048x1365.jpg 2048w\" sizes=\"auto, (max-width: 1024px) 100vw, 1024px\" \/><\/figure>\n\n\n\n<ul class=\"wp-block-list\">\n<li class=\"has-text-color has-link-color wp-elements-353a531c578635bc35fe0c83d89966ab\" style=\"color:#233259;font-size:16px\">R\u00e9\u00e9ducation pour sportifs amateurs ou professionnels.<\/li>\n\n\n\n<li class=\"has-text-color has-link-color wp-elements-928959fe0e26dda0053cdc3df11a9fa9\" style=\"color:#233259;font-size:16px\">Prise en charge adapt\u00e9e au plus pr\u00e8s du sport exerc\u00e9.<\/li>\n\n\n\n<li class=\"has-text-color has-link-color wp-elements-639a4e5497fdf7b9eae8cd93411c1bf2\" style=\"color:#233259;font-size:16px\">Travail de pr\u00e9vention des blessures.<\/li>\n<\/ul>\n<\/div>\n\n\n\n<div class=\"wp-block-column is-layout-flow wp-block-column-is-layout-flow\">\n<h2 class=\"wp-block-heading has-text-color has-link-color wp-elements-1146c0fcc78bc958f21f2091985f9ff7\" style=\"color:#233259;text-transform:uppercase\">Kin\u00e9 g\u00e9n\u00e9rale<\/h2>\n\n\n\n<p><\/p>\n\n\n\n<figure class=\"wp-block-image size-large\"><img loading=\"lazy\" decoding=\"async\" width=\"1024\" height=\"683\" src=\"http:\/\/mgkinesport.lu\/wordpress\/wp-content\/uploads\/2025\/05\/Kine-generale-1024x683.jpg\" alt=\"\" class=\"wp-image-478\" srcset=\"https:\/\/mgkinesport.lu\/wordpress\/wp-content\/uploads\/2025\/05\/Kine-generale-1024x683.jpg 1024w, https:\/\/mgkinesport.lu\/wordpress\/wp-content\/uploads\/2025\/05\/Kine-generale-300x200.jpg 300w, https:\/\/mgkinesport.lu\/wordpress\/wp-content\/uploads\/2025\/05\/Kine-generale-768x512.jpg 768w, https:\/\/mgkinesport.lu\/wordpress\/wp-content\/uploads\/2025\/05\/Kine-generale-1536x1024.jpg 1536w, https:\/\/mgkinesport.lu\/wordpress\/wp-content\/uploads\/2025\/05\/Kine-generale-2048x1365.jpg 2048w\" sizes=\"auto, (max-width: 1024px) 100vw, 1024px\" \/><\/figure>\n\n\n\n<ul class=\"wp-block-list\">\n<li class=\"has-text-color has-link-color wp-elements-b109b4dc3f36d850504a501424940eb3\" style=\"color:#233259;font-size:16px\">R\u00e9\u00e9ducation pour patients non sportifs ou s\u00e9dentaires.<\/li>\n\n\n\n<li class=\"has-text-color has-link-color wp-elements-c180a731c0844b334be0b32c5662feab\" style=\"color:#233259;font-size:16px\">Prise en charge active bas\u00e9e sur des exercices.<\/li>\n\n\n\n<li class=\"has-text-color has-link-color wp-elements-487597a672cb46f8bce25dc46c3c99ea\" style=\"color:#233259;font-size:16px\">Fixation d&rsquo;objectifs de r\u00e9cup\u00e9ration propres \u00e0 chaque patient.<\/li>\n<\/ul>\n<\/div>\n<\/div>\n\n\n\n<div class=\"wp-block-columns is-layout-flex wp-container-core-columns-is-layout-9d6595d7 wp-block-columns-is-layout-flex\">\n<div class=\"wp-block-column is-layout-flow wp-block-column-is-layout-flow\">\n<h2 class=\"wp-block-heading has-text-color has-link-color wp-elements-473529a0c9e27bda141fe8e5e2952c5d\" style=\"color:#233259;text-transform:uppercase\">Kin\u00e9 POSTOP\u00e9RATOIRE<\/h2>\n\n\n\n<p><\/p>\n\n\n\n<figure class=\"wp-block-image size-large\"><img loading=\"lazy\" decoding=\"async\" width=\"1024\" height=\"770\" src=\"http:\/\/mgkinesport.lu\/wordpress\/wp-content\/uploads\/2025\/05\/Kine-post-op2-1024x770.jpg\" alt=\"\" class=\"wp-image-506\" srcset=\"https:\/\/mgkinesport.lu\/wordpress\/wp-content\/uploads\/2025\/05\/Kine-post-op2-1024x770.jpg 1024w, https:\/\/mgkinesport.lu\/wordpress\/wp-content\/uploads\/2025\/05\/Kine-post-op2-300x226.jpg 300w, https:\/\/mgkinesport.lu\/wordpress\/wp-content\/uploads\/2025\/05\/Kine-post-op2-768x578.jpg 768w, https:\/\/mgkinesport.lu\/wordpress\/wp-content\/uploads\/2025\/05\/Kine-post-op2.jpg 1256w\" sizes=\"auto, (max-width: 1024px) 100vw, 1024px\" \/><\/figure>\n\n\n\n<ul class=\"wp-block-list\">\n<li class=\"has-text-color has-link-color wp-elements-aae861262c377965f85e05339a5951b3\" style=\"color:#233259;font-size:16px\">Prise en charge de patients ayant subi une op\u00e9ration du syst\u00e8me musculosquelettique.<\/li>\n<\/ul>\n<\/div>\n\n\n\n<div class=\"wp-block-column is-layout-flow wp-block-column-is-layout-flow\">\n<h2 class=\"wp-block-heading has-text-color has-link-color wp-elements-f08dea2d0eccf75d7684fde2057f6d6e\" style=\"color:#233259;text-transform:uppercase\">R\u00e9\u00e9DUCATION LCA<\/h2>\n\n\n\n<p><\/p>\n\n\n\n<figure class=\"wp-block-image size-large\"><img loading=\"lazy\" decoding=\"async\" width=\"1024\" height=\"821\" src=\"https:\/\/mgkinesport.lu\/wordpress\/wp-content\/uploads\/2025\/12\/20251124_112749-redim-1-1024x821.jpg\" alt=\"\" class=\"wp-image-626\" style=\"aspect-ratio:1.247279549718574\" srcset=\"https:\/\/mgkinesport.lu\/wordpress\/wp-content\/uploads\/2025\/12\/20251124_112749-redim-1-1024x821.jpg 1024w, https:\/\/mgkinesport.lu\/wordpress\/wp-content\/uploads\/2025\/12\/20251124_112749-redim-1-300x240.jpg 300w, https:\/\/mgkinesport.lu\/wordpress\/wp-content\/uploads\/2025\/12\/20251124_112749-redim-1-768x616.jpg 768w, https:\/\/mgkinesport.lu\/wordpress\/wp-content\/uploads\/2025\/12\/20251124_112749-redim-1-1536x1231.jpg 1536w, https:\/\/mgkinesport.lu\/wordpress\/wp-content\/uploads\/2025\/12\/20251124_112749-redim-1-2048x1642.jpg 2048w\" sizes=\"auto, (max-width: 1024px) 100vw, 1024px\" \/><\/figure>\n\n\n\n<ul class=\"wp-block-list\">\n<li class=\"has-text-color has-link-color wp-elements-3c2237eaa81d4644883d0d6df14370a8\" style=\"color:#233259;font-size:16px\">Prise en charge des l\u00e9sions du LCA, op\u00e9r\u00e9 ou pas, avec l\u00e9sions m\u00e9niscales et\/ou cartilagineuses associ\u00e9es ou pas.<\/li>\n\n\n\n<li class=\"has-white-color has-text-color has-link-color wp-elements-cabc17397254360ca832ba6463f0729d\" style=\"color:#233259;font-size:16px\"><a href=\"http:\/\/mgkinesport.lu\/wordpress\/services\/reeducation-lca\/\">Plus d&rsquo;informations, ici.<\/a><\/li>\n<\/ul>\n<\/div>\n<\/div>\n\n\n\n<p><\/p>\n\n\n\n<p><\/p>\n\n\n\n<p><\/p>\n\n\n\n<p><\/p>\n\n\n\n<p><\/p>\n\n\n\n<p><\/p>\n\n\n\n<p><\/p>\n","protected":false},"excerpt":{"rendered":"<p>Kin\u00e9 sportive Kin\u00e9 g\u00e9n\u00e9rale Kin\u00e9 POSTOP\u00e9RATOIRE R\u00e9\u00e9DUCATION LCA<\/p>\n","protected":false},"author":1,"featured_media":0,"parent":0,"menu_order":0,"comment_status":"closed","ping_status":"closed","template":"","meta":{"footnotes":""},"class_list":["post-32","page","type-page","status-publish","hentry"],"_links":{"self":[{"href":"https:\/\/mgkinesport.lu\/wordpress\/wp-json\/wp\/v2\/pages\/32","targetHints":{"allow":["GET"]}}],"collection":[{"href":"https:\/\/mgkinesport.lu\/wordpress\/wp-json\/wp\/v2\/pages"}],"about":[{"href":"https:\/\/mgkinesport.lu\/wordpress\/wp-json\/wp\/v2\/types\/page"}],"author":[{"embeddable":true,"href":"https:\/\/mgkinesport.lu\/wordpress\/wp-json\/wp\/v2\/users\/1"}],"replies":[{"embeddable":true,"href":"https:\/\/mgkinesport.lu\/wordpress\/wp-json\/wp\/v2\/comments?post=32"}],"version-history":[{"count":77,"href":"https:\/\/mgkinesport.lu\/wordpress\/wp-json\/wp\/v2\/pages\/32\/revisions"}],"predecessor-version":[{"id":632,"href":"https:\/\/mgkinesport.lu\/wordpress\/wp-json\/wp\/v2\/pages\/32\/revisions\/632"}],"wp:attachment":[{"href":"https:\/\/mgkinesport.lu\/wordpress\/wp-json\/wp\/v2\/media?parent=32"}],"curies":[{"name":"wp","href":"https:\/\/api.w.org\/{rel}","templated":true}]}}