{"id":13,"date":"2025-04-25T11:30:40","date_gmt":"2025-04-25T09:30:40","guid":{"rendered":"http:\/\/mgkinesport.lu\/wordpress\/?page_id=13"},"modified":"2025-12-22T18:14:39","modified_gmt":"2025-12-22T17:14:39","slug":"equipements","status":"publish","type":"page","link":"https:\/\/mgkinesport.lu\/wordpress\/equipements\/","title":{"rendered":"Equipements"},"content":{"rendered":"\n<p class=\"has-text-align-center has-text-color has-link-color wp-elements-e10fa0cc7b13ab91083809bc1b0f5000\" style=\"color:#233259;font-size:18px\"><strong>Avec ses trois cabines individuelles et sa salle de sport enti\u00e8rement \u00e9quip\u00e9e, le cabinet dispose de conditions optimales pour assurer des r\u00e9\u00e9ducations sportives de qualit\u00e9.<\/strong><\/p>\n\n\n\n<div class=\"wp-block-columns is-layout-flex wp-container-core-columns-is-layout-9d6595d7 wp-block-columns-is-layout-flex\"><\/div>\n\n\n\n<h2 class=\"wp-block-heading has-text-align-center has-text-color has-link-color wp-elements-70e855cc376d2f609b882af53abcdd3f\" style=\"color:#233259;text-transform:none\">Salle de sport<\/h2>\n\n\n\n<p><\/p>\n\n\n\n<div class=\"wp-block-columns is-layout-flex wp-container-core-columns-is-layout-9d6595d7 wp-block-columns-is-layout-flex\">\n<div class=\"wp-block-column is-layout-flow wp-block-column-is-layout-flow\">\n<figure class=\"wp-block-gallery has-nested-images columns-default is-cropped wp-block-gallery-1 is-layout-flex wp-block-gallery-is-layout-flex\">\n<figure class=\"wp-block-image size-large\"><img loading=\"lazy\" decoding=\"async\" width=\"1024\" height=\"602\" data-id=\"620\" src=\"http:\/\/mgkinesport.lu\/wordpress\/wp-content\/uploads\/2025\/12\/kine-bascharage-mg-kine-sport-redim-1024x602.jpg\" alt=\"\" class=\"wp-image-620\" srcset=\"https:\/\/mgkinesport.lu\/wordpress\/wp-content\/uploads\/2025\/12\/kine-bascharage-mg-kine-sport-redim-1024x602.jpg 1024w, https:\/\/mgkinesport.lu\/wordpress\/wp-content\/uploads\/2025\/12\/kine-bascharage-mg-kine-sport-redim-300x176.jpg 300w, https:\/\/mgkinesport.lu\/wordpress\/wp-content\/uploads\/2025\/12\/kine-bascharage-mg-kine-sport-redim-768x451.jpg 768w, https:\/\/mgkinesport.lu\/wordpress\/wp-content\/uploads\/2025\/12\/kine-bascharage-mg-kine-sport-redim-1536x903.jpg 1536w, https:\/\/mgkinesport.lu\/wordpress\/wp-content\/uploads\/2025\/12\/kine-bascharage-mg-kine-sport-redim-2048x1203.jpg 2048w\" sizes=\"auto, (max-width: 1024px) 100vw, 1024px\" \/><\/figure>\n<\/figure>\n<\/div>\n<\/div>\n\n\n\n<div class=\"wp-block-columns is-layout-flex wp-container-core-columns-is-layout-9d6595d7 wp-block-columns-is-layout-flex\">\n<div class=\"wp-block-column is-layout-flow wp-block-column-is-layout-flow\">\n<figure class=\"wp-block-gallery has-nested-images columns-default is-cropped wp-block-gallery-2 is-layout-flex wp-block-gallery-is-layout-flex\">\n<figure class=\"wp-block-image size-large\"><img loading=\"lazy\" decoding=\"async\" width=\"1024\" height=\"683\" data-id=\"570\" src=\"http:\/\/mgkinesport.lu\/wordpress\/wp-content\/uploads\/2025\/05\/DSCF1504-redim-1024x683.jpg\" alt=\"\" class=\"wp-image-570\" srcset=\"https:\/\/mgkinesport.lu\/wordpress\/wp-content\/uploads\/2025\/05\/DSCF1504-redim-1024x683.jpg 1024w, https:\/\/mgkinesport.lu\/wordpress\/wp-content\/uploads\/2025\/05\/DSCF1504-redim-300x200.jpg 300w, https:\/\/mgkinesport.lu\/wordpress\/wp-content\/uploads\/2025\/05\/DSCF1504-redim-768x512.jpg 768w, https:\/\/mgkinesport.lu\/wordpress\/wp-content\/uploads\/2025\/05\/DSCF1504-redim-1536x1024.jpg 1536w, https:\/\/mgkinesport.lu\/wordpress\/wp-content\/uploads\/2025\/05\/DSCF1504-redim-2048x1365.jpg 2048w\" sizes=\"auto, (max-width: 1024px) 100vw, 1024px\" \/><\/figure>\n<\/figure>\n<\/div>\n\n\n\n<div class=\"wp-block-column is-layout-flow wp-block-column-is-layout-flow\">\n<figure class=\"wp-block-image size-large\"><img loading=\"lazy\" decoding=\"async\" width=\"1024\" height=\"683\" src=\"http:\/\/mgkinesport.lu\/wordpress\/wp-content\/uploads\/2025\/05\/salle-2-1024x683.jpg\" alt=\"\" class=\"wp-image-528\" srcset=\"https:\/\/mgkinesport.lu\/wordpress\/wp-content\/uploads\/2025\/05\/salle-2-1024x683.jpg 1024w, https:\/\/mgkinesport.lu\/wordpress\/wp-content\/uploads\/2025\/05\/salle-2-300x200.jpg 300w, https:\/\/mgkinesport.lu\/wordpress\/wp-content\/uploads\/2025\/05\/salle-2-768x512.jpg 768w, https:\/\/mgkinesport.lu\/wordpress\/wp-content\/uploads\/2025\/05\/salle-2-1536x1024.jpg 1536w, https:\/\/mgkinesport.lu\/wordpress\/wp-content\/uploads\/2025\/05\/salle-2-2048x1365.jpg 2048w\" sizes=\"auto, (max-width: 1024px) 100vw, 1024px\" \/><\/figure>\n<\/div>\n\n\n\n<div class=\"wp-block-column is-layout-flow wp-block-column-is-layout-flow\">\n<figure class=\"wp-block-image size-large\"><img loading=\"lazy\" decoding=\"async\" width=\"1024\" height=\"683\" src=\"http:\/\/mgkinesport.lu\/wordpress\/wp-content\/uploads\/2025\/05\/salle-3-1024x683.jpg\" alt=\"\" class=\"wp-image-529\" srcset=\"https:\/\/mgkinesport.lu\/wordpress\/wp-content\/uploads\/2025\/05\/salle-3-1024x683.jpg 1024w, https:\/\/mgkinesport.lu\/wordpress\/wp-content\/uploads\/2025\/05\/salle-3-300x200.jpg 300w, https:\/\/mgkinesport.lu\/wordpress\/wp-content\/uploads\/2025\/05\/salle-3-768x512.jpg 768w, https:\/\/mgkinesport.lu\/wordpress\/wp-content\/uploads\/2025\/05\/salle-3-1536x1024.jpg 1536w, https:\/\/mgkinesport.lu\/wordpress\/wp-content\/uploads\/2025\/05\/salle-3-2048x1365.jpg 2048w\" sizes=\"auto, (max-width: 1024px) 100vw, 1024px\" \/><\/figure>\n<\/div>\n<\/div>\n\n\n\n<div class=\"wp-block-columns is-layout-flex wp-container-core-columns-is-layout-9d6595d7 wp-block-columns-is-layout-flex\"><\/div>\n\n\n\n<div class=\"wp-block-columns is-layout-flex wp-container-core-columns-is-layout-9d6595d7 wp-block-columns-is-layout-flex\"><\/div>\n\n\n\n<div class=\"wp-block-columns is-layout-flex wp-container-core-columns-is-layout-9d6595d7 wp-block-columns-is-layout-flex\">\n<div class=\"wp-block-column is-layout-flow wp-block-column-is-layout-flow\">\n<h2 class=\"wp-block-heading has-text-align-center has-text-color has-link-color wp-elements-7eba429ab27f487202b08d28385b60b8\" style=\"color:#233259\">Piste de sprint<\/h2>\n\n\n\n<p><\/p>\n\n\n\n<figure class=\"wp-block-image size-large\"><img loading=\"lazy\" decoding=\"async\" width=\"683\" height=\"1024\" src=\"http:\/\/mgkinesport.lu\/wordpress\/wp-content\/uploads\/2025\/05\/0519_sprint-683x1024.jpg\" alt=\"\" class=\"wp-image-534\" srcset=\"https:\/\/mgkinesport.lu\/wordpress\/wp-content\/uploads\/2025\/05\/0519_sprint-683x1024.jpg 683w, https:\/\/mgkinesport.lu\/wordpress\/wp-content\/uploads\/2025\/05\/0519_sprint-200x300.jpg 200w, https:\/\/mgkinesport.lu\/wordpress\/wp-content\/uploads\/2025\/05\/0519_sprint-768x1152.jpg 768w, https:\/\/mgkinesport.lu\/wordpress\/wp-content\/uploads\/2025\/05\/0519_sprint-1024x1536.jpg 1024w, https:\/\/mgkinesport.lu\/wordpress\/wp-content\/uploads\/2025\/05\/0519_sprint-1365x2048.jpg 1365w, https:\/\/mgkinesport.lu\/wordpress\/wp-content\/uploads\/2025\/05\/0519_sprint-scaled.jpg 1707w\" sizes=\"auto, (max-width: 683px) 100vw, 683px\" \/><\/figure>\n\n\n\n<details class=\"wp-block-details has-text-color has-link-color wp-elements-ad75013f6b4c8f98f31ae65daa7fe22b is-layout-flow wp-block-details-is-layout-flow\" style=\"color:#233259\"><summary>En savoir +<\/summary>\n<ul class=\"wp-block-list\">\n<li class=\"has-text-color has-link-color wp-elements-4f9280d7288a7faffe4037577eb4c1d8\" style=\"color:#233259;font-size:16px\">Facilite le travail de reprise de course<\/li>\n\n\n\n<li class=\"has-text-color has-link-color wp-elements-e9c3a4ef429dda3a3d8d2e463c7baaa1\" style=\"color:#233259;font-size:16px\">Favorise les exercices de coordination et de sauts<\/li>\n<\/ul>\n<\/details>\n<\/div>\n\n\n\n<div class=\"wp-block-column is-layout-flow wp-block-column-is-layout-flow\">\n<h2 class=\"wp-block-heading has-text-align-center has-text-color has-link-color wp-elements-5d03ef9cfa7e031aabcfd3a21a83d5a9\" style=\"color:#233259\">Pressoth\u00e9rapie<\/h2>\n\n\n\n<p><\/p>\n\n\n\n<figure class=\"wp-block-image size-large\"><img loading=\"lazy\" decoding=\"async\" width=\"683\" height=\"1024\" src=\"http:\/\/mgkinesport.lu\/wordpress\/wp-content\/uploads\/2025\/05\/0519_presso-683x1024.jpg\" alt=\"\" class=\"wp-image-535\" srcset=\"https:\/\/mgkinesport.lu\/wordpress\/wp-content\/uploads\/2025\/05\/0519_presso-683x1024.jpg 683w, https:\/\/mgkinesport.lu\/wordpress\/wp-content\/uploads\/2025\/05\/0519_presso-200x300.jpg 200w, https:\/\/mgkinesport.lu\/wordpress\/wp-content\/uploads\/2025\/05\/0519_presso-768x1152.jpg 768w, https:\/\/mgkinesport.lu\/wordpress\/wp-content\/uploads\/2025\/05\/0519_presso-1024x1536.jpg 1024w, https:\/\/mgkinesport.lu\/wordpress\/wp-content\/uploads\/2025\/05\/0519_presso-1365x2048.jpg 1365w, https:\/\/mgkinesport.lu\/wordpress\/wp-content\/uploads\/2025\/05\/0519_presso-scaled.jpg 1707w\" sizes=\"auto, (max-width: 683px) 100vw, 683px\" \/><\/figure>\n\n\n\n<details class=\"wp-block-details has-text-color has-link-color wp-elements-439c48083165ade53fd680c6d56af028 is-layout-flow wp-block-details-is-layout-flow\" style=\"color:#233259\"><summary>En savoir +<\/summary>\n<ul class=\"wp-block-list\">\n<li class=\"has-text-color has-link-color wp-elements-87e62ae48b514a59244be52bf543a156\" style=\"color:#233259;font-size:16px\">Soulage les&nbsp;jambes lourdes<\/li>\n\n\n\n<li class=\"has-text-color has-link-color wp-elements-7583d2472991a843c02e827a72b83285\" style=\"color:#233259;font-size:16px\">R\u00e9duit l\u2019impact des&nbsp;oed\u00e8mes, lymphoed\u00e8mes, lipoed\u00e8mes&nbsp;<\/li>\n\n\n\n<li class=\"has-text-color has-link-color wp-elements-9712450d4fee57d816a5bd7cc95dfdfd\" style=\"color:#233259;font-size:16px\">Favorise drainage lymphatique&nbsp;et&nbsp;retour veineux<\/li>\n\n\n\n<li class=\"has-text-color has-link-color wp-elements-494d23af2117c7a99e4077ee71b3223e\" style=\"color:#233259;font-size:16px\">Acc\u00e9l\u00e8re la&nbsp;r\u00e9cup\u00e9ration musculaire,&nbsp;r\u00e9duit les&nbsp;courbatures<\/li>\n<\/ul>\n<\/details>\n<\/div>\n\n\n\n<div class=\"wp-block-column is-layout-flow wp-block-column-is-layout-flow\">\n<h2 class=\"wp-block-heading has-text-align-center has-text-color has-link-color wp-elements-4fb4bedfaa5ad941802b86a195a0d4bb\" style=\"color:#233259\">Ondes de choc<\/h2>\n\n\n\n<p><\/p>\n\n\n\n<figure class=\"wp-block-image size-large\"><img loading=\"lazy\" decoding=\"async\" width=\"683\" height=\"1024\" src=\"http:\/\/mgkinesport.lu\/wordpress\/wp-content\/uploads\/2025\/05\/0519_odc-1-683x1024.jpg\" alt=\"\" class=\"wp-image-560\" srcset=\"https:\/\/mgkinesport.lu\/wordpress\/wp-content\/uploads\/2025\/05\/0519_odc-1-683x1024.jpg 683w, https:\/\/mgkinesport.lu\/wordpress\/wp-content\/uploads\/2025\/05\/0519_odc-1-200x300.jpg 200w, https:\/\/mgkinesport.lu\/wordpress\/wp-content\/uploads\/2025\/05\/0519_odc-1-768x1152.jpg 768w, https:\/\/mgkinesport.lu\/wordpress\/wp-content\/uploads\/2025\/05\/0519_odc-1-1024x1536.jpg 1024w, https:\/\/mgkinesport.lu\/wordpress\/wp-content\/uploads\/2025\/05\/0519_odc-1-1365x2048.jpg 1365w, https:\/\/mgkinesport.lu\/wordpress\/wp-content\/uploads\/2025\/05\/0519_odc-1-scaled.jpg 1707w\" sizes=\"auto, (max-width: 683px) 100vw, 683px\" \/><\/figure>\n\n\n\n<details class=\"wp-block-details has-text-color has-link-color wp-elements-7658932b2d773963937800d151bdd25a is-layout-flow wp-block-details-is-layout-flow\" style=\"color:#233259\"><summary>En savoir +<\/summary>\n<ul class=\"wp-block-list\">\n<li style=\"font-size:16px\">Am\u00e9lioration circulation sanguine<\/li>\n\n\n\n<li style=\"font-size:16px\">Activation des m\u00e9canismes de r\u00e9paration des tissus<\/li>\n\n\n\n<li style=\"font-size:16px\">Effet analg\u00e9sique (soulagement de la douleur)<\/li>\n\n\n\n<li style=\"font-size:16px\">Effet m\u00e9canique sur les calcifications et les nodules<\/li>\n\n\n\n<li style=\"font-size:16px\">Effet sur la relaxation musculaire<\/li>\n\n\n\n<li style=\"font-size:16px\">Effets sur les membranes cellulaires et l\u2019inflammation<\/li>\n<\/ul>\n<\/details>\n<\/div>\n<\/div>\n\n\n\n<div class=\"wp-block-columns is-layout-flex wp-container-core-columns-is-layout-9d6595d7 wp-block-columns-is-layout-flex\"><\/div>\n\n\n\n<div class=\"wp-block-columns is-layout-flex wp-container-core-columns-is-layout-9d6595d7 wp-block-columns-is-layout-flex\"><\/div>\n\n\n\n<div class=\"wp-block-columns is-layout-flex wp-container-core-columns-is-layout-9d6595d7 wp-block-columns-is-layout-flex\">\n<div class=\"wp-block-column is-layout-flow wp-block-column-is-layout-flow\">\n<h2 class=\"wp-block-heading has-text-align-center has-text-color has-link-color wp-elements-07b17dfe0dbf8eadc666a989db917ed5\" style=\"color:#233259\">Pistolet de massage<\/h2>\n\n\n\n<p><\/p>\n\n\n\n<figure class=\"wp-block-image size-large\"><img loading=\"lazy\" decoding=\"async\" width=\"683\" height=\"1024\" src=\"http:\/\/mgkinesport.lu\/wordpress\/wp-content\/uploads\/2025\/05\/0519_gun-1-683x1024.jpg\" alt=\"\" class=\"wp-image-547\" srcset=\"https:\/\/mgkinesport.lu\/wordpress\/wp-content\/uploads\/2025\/05\/0519_gun-1-683x1024.jpg 683w, https:\/\/mgkinesport.lu\/wordpress\/wp-content\/uploads\/2025\/05\/0519_gun-1-200x300.jpg 200w, https:\/\/mgkinesport.lu\/wordpress\/wp-content\/uploads\/2025\/05\/0519_gun-1-768x1152.jpg 768w, https:\/\/mgkinesport.lu\/wordpress\/wp-content\/uploads\/2025\/05\/0519_gun-1-1024x1536.jpg 1024w, https:\/\/mgkinesport.lu\/wordpress\/wp-content\/uploads\/2025\/05\/0519_gun-1-1365x2048.jpg 1365w, https:\/\/mgkinesport.lu\/wordpress\/wp-content\/uploads\/2025\/05\/0519_gun-1-scaled.jpg 1707w\" sizes=\"auto, (max-width: 683px) 100vw, 683px\" \/><\/figure>\n\n\n\n<details class=\"wp-block-details has-text-color has-link-color wp-elements-16f4556d533d29b345a405909af44e7c is-layout-flow wp-block-details-is-layout-flow\" style=\"color:#233259\"><summary>En savoir +<\/summary>\n<ul class=\"wp-block-list\">\n<li style=\"font-size:16px\">R\u00e9cup\u00e9ration musculaire acc\u00e9l\u00e9r\u00e9e<\/li>\n\n\n\n<li style=\"font-size:16px\">D\u00e9tente et relaxation<\/li>\n\n\n\n<li style=\"font-size:16px\">Am\u00e9lioration de la circulation<\/li>\n\n\n\n<li style=\"font-size:16px\">Am\u00e9lioration mobilit\u00e9 et souplesse<\/li>\n<\/ul>\n<\/details>\n<\/div>\n\n\n\n<div class=\"wp-block-column is-layout-flow wp-block-column-is-layout-flow\">\n<h2 class=\"wp-block-heading has-text-align-center has-text-color has-link-color wp-elements-2314f4970adb2579d2c9eff4f86598b2\" style=\"color:#233259\">Flossing<\/h2>\n\n\n\n<p><\/p>\n\n\n\n<figure class=\"wp-block-image size-large\"><img loading=\"lazy\" decoding=\"async\" width=\"768\" height=\"1024\" src=\"http:\/\/mgkinesport.lu\/wordpress\/wp-content\/uploads\/2025\/05\/0519_flossing-1-768x1024.jpg\" alt=\"\" class=\"wp-image-548\" srcset=\"https:\/\/mgkinesport.lu\/wordpress\/wp-content\/uploads\/2025\/05\/0519_flossing-1-768x1024.jpg 768w, https:\/\/mgkinesport.lu\/wordpress\/wp-content\/uploads\/2025\/05\/0519_flossing-1-225x300.jpg 225w, https:\/\/mgkinesport.lu\/wordpress\/wp-content\/uploads\/2025\/05\/0519_flossing-1-1152x1536.jpg 1152w, https:\/\/mgkinesport.lu\/wordpress\/wp-content\/uploads\/2025\/05\/0519_flossing-1-1536x2048.jpg 1536w, https:\/\/mgkinesport.lu\/wordpress\/wp-content\/uploads\/2025\/05\/0519_flossing-1-scaled.jpg 1920w\" sizes=\"auto, (max-width: 768px) 100vw, 768px\" \/><\/figure>\n\n\n\n<details class=\"wp-block-details has-text-color has-link-color wp-elements-aa9d4404d98c260f2a6ba60f3907b630 is-layout-flow wp-block-details-is-layout-flow\" style=\"color:#233259\"><summary>En savoir +<\/summary>\n<ul class=\"wp-block-list\">\n<li style=\"font-size:16px\">Lib\u00e9ration des adh\u00e9rences<\/li>\n\n\n\n<li style=\"font-size:16px\">Antalgie<\/li>\n\n\n\n<li style=\"font-size:16px\">Augmentation de la mobilit\u00e9<\/li>\n\n\n\n<li style=\"font-size:16px\">Effets vasculaires ++<\/li>\n<\/ul>\n<\/details>\n<\/div>\n\n\n\n<div class=\"wp-block-column is-layout-flow wp-block-column-is-layout-flow\">\n<h2 class=\"wp-block-heading has-text-align-center has-text-color has-link-color wp-elements-4384864b050810a3362d55e4ceade368\" style=\"color:#233259\">Cryo compressive<\/h2>\n\n\n\n<p><\/p>\n\n\n\n<figure class=\"wp-block-image size-large\"><img loading=\"lazy\" decoding=\"async\" width=\"770\" height=\"1024\" src=\"https:\/\/mgkinesport.lu\/wordpress\/wp-content\/uploads\/2025\/09\/1000012900-770x1024.jpg\" alt=\"\" class=\"wp-image-611\" srcset=\"https:\/\/mgkinesport.lu\/wordpress\/wp-content\/uploads\/2025\/09\/1000012900-770x1024.jpg 770w, https:\/\/mgkinesport.lu\/wordpress\/wp-content\/uploads\/2025\/09\/1000012900-226x300.jpg 226w, https:\/\/mgkinesport.lu\/wordpress\/wp-content\/uploads\/2025\/09\/1000012900-768x1021.jpg 768w, https:\/\/mgkinesport.lu\/wordpress\/wp-content\/uploads\/2025\/09\/1000012900-1156x1536.jpg 1156w, https:\/\/mgkinesport.lu\/wordpress\/wp-content\/uploads\/2025\/09\/1000012900-1541x2048.jpg 1541w, https:\/\/mgkinesport.lu\/wordpress\/wp-content\/uploads\/2025\/09\/1000012900-scaled.jpg 1926w\" sizes=\"auto, (max-width: 770px) 100vw, 770px\" \/><\/figure>\n\n\n\n<details class=\"wp-block-details has-text-color has-link-color wp-elements-a2a296bce09f3c3b9593584c0ae52081 is-layout-flow wp-block-details-is-layout-flow\" style=\"color:#233259\"><summary>En savoir +<\/summary>\n<ul class=\"wp-block-list\">\n<li style=\"font-size:16px\">Antalgie et drainage gr\u00e2ce \u00e0 la compression par le froid<\/li>\n<\/ul>\n<\/details>\n<\/div>\n<\/div>\n\n\n\n<div class=\"wp-block-columns is-layout-flex wp-container-core-columns-is-layout-9d6595d7 wp-block-columns-is-layout-flex\"><\/div>\n\n\n\n<div class=\"wp-block-columns is-layout-flex wp-container-core-columns-is-layout-9d6595d7 wp-block-columns-is-layout-flex\"><\/div>\n\n\n\n<div class=\"wp-block-columns is-layout-flex wp-container-core-columns-is-layout-9d6595d7 wp-block-columns-is-layout-flex\">\n<div class=\"wp-block-column is-layout-flow wp-block-column-is-layout-flow\">\n<h2 class=\"wp-block-heading has-text-align-center has-text-color has-link-color wp-elements-4ce326bd4c9181eac88e8d69fcf29916\" style=\"color:#233259\">Crochetage<\/h2>\n\n\n\n<p><\/p>\n\n\n\n<figure class=\"wp-block-image size-large\"><img loading=\"lazy\" decoding=\"async\" width=\"1024\" height=\"768\" src=\"http:\/\/mgkinesport.lu\/wordpress\/wp-content\/uploads\/2025\/05\/0519_crochetage-1024x768.jpg\" alt=\"\" class=\"wp-image-551\" srcset=\"https:\/\/mgkinesport.lu\/wordpress\/wp-content\/uploads\/2025\/05\/0519_crochetage-1024x768.jpg 1024w, https:\/\/mgkinesport.lu\/wordpress\/wp-content\/uploads\/2025\/05\/0519_crochetage-300x225.jpg 300w, https:\/\/mgkinesport.lu\/wordpress\/wp-content\/uploads\/2025\/05\/0519_crochetage-768x576.jpg 768w, https:\/\/mgkinesport.lu\/wordpress\/wp-content\/uploads\/2025\/05\/0519_crochetage-1536x1152.jpg 1536w, https:\/\/mgkinesport.lu\/wordpress\/wp-content\/uploads\/2025\/05\/0519_crochetage-2048x1536.jpg 2048w\" sizes=\"auto, (max-width: 1024px) 100vw, 1024px\" \/><\/figure>\n\n\n\n<details class=\"wp-block-details has-text-color has-link-color wp-elements-c5fd542cd3eb660ee8942ca109080e4c is-layout-flow wp-block-details-is-layout-flow\" style=\"color:#233259\"><summary>En savoir +<\/summary>\n<ul class=\"wp-block-list\">\n<li style=\"font-size:16px\">Lib\u00e9ration des adh\u00e9rences<\/li>\n\n\n\n<li style=\"font-size:16px\">Hypervascularisation<\/li>\n\n\n\n<li style=\"font-size:16px\">Antalgie<\/li>\n<\/ul>\n<\/details>\n<\/div>\n\n\n\n<div class=\"wp-block-column is-layout-flow wp-block-column-is-layout-flow\">\n<h2 class=\"wp-block-heading has-text-align-center has-text-color has-link-color wp-elements-94967b3f17413bc9c50935cb98c8c6e0\" style=\"color:#233259\">Light trainer<\/h2>\n\n\n\n<p><\/p>\n\n\n\n<figure class=\"wp-block-image size-large\"><img loading=\"lazy\" decoding=\"async\" width=\"1024\" height=\"683\" src=\"http:\/\/mgkinesport.lu\/wordpress\/wp-content\/uploads\/2025\/05\/0519_Lt-1024x683.jpg\" alt=\"\" class=\"wp-image-553\" srcset=\"https:\/\/mgkinesport.lu\/wordpress\/wp-content\/uploads\/2025\/05\/0519_Lt-1024x683.jpg 1024w, https:\/\/mgkinesport.lu\/wordpress\/wp-content\/uploads\/2025\/05\/0519_Lt-300x200.jpg 300w, https:\/\/mgkinesport.lu\/wordpress\/wp-content\/uploads\/2025\/05\/0519_Lt-768x512.jpg 768w, https:\/\/mgkinesport.lu\/wordpress\/wp-content\/uploads\/2025\/05\/0519_Lt-1536x1024.jpg 1536w, https:\/\/mgkinesport.lu\/wordpress\/wp-content\/uploads\/2025\/05\/0519_Lt-2048x1365.jpg 2048w\" sizes=\"auto, (max-width: 1024px) 100vw, 1024px\" \/><\/figure>\n\n\n\n<details class=\"wp-block-details has-text-color has-link-color wp-elements-977a988c5c264625068f99569f8810d1 is-layout-flow wp-block-details-is-layout-flow\" style=\"color:#233259\"><summary>En savoir +<\/summary>\n<ul class=\"wp-block-list\">\n<li style=\"font-size:16px\">Travail cognitif<\/li>\n\n\n\n<li style=\"font-size:16px\">Vitesse de r\u00e9action<\/li>\n<\/ul>\n<\/details>\n<\/div>\n\n\n\n<div class=\"wp-block-column is-layout-flow wp-block-column-is-layout-flow\">\n<h2 class=\"wp-block-heading has-text-align-center has-text-color has-link-color wp-elements-549d8070187b0db0e6721d62a2c48303\" style=\"color:#233259\">Kinesio taping<\/h2>\n\n\n\n<p><\/p>\n\n\n\n<figure class=\"wp-block-image size-large\"><img loading=\"lazy\" decoding=\"async\" width=\"1024\" height=\"768\" src=\"http:\/\/mgkinesport.lu\/wordpress\/wp-content\/uploads\/2025\/05\/0519_kinesio-1024x768.jpg\" alt=\"\" class=\"wp-image-552\" srcset=\"https:\/\/mgkinesport.lu\/wordpress\/wp-content\/uploads\/2025\/05\/0519_kinesio-1024x768.jpg 1024w, https:\/\/mgkinesport.lu\/wordpress\/wp-content\/uploads\/2025\/05\/0519_kinesio-300x225.jpg 300w, https:\/\/mgkinesport.lu\/wordpress\/wp-content\/uploads\/2025\/05\/0519_kinesio-768x576.jpg 768w, https:\/\/mgkinesport.lu\/wordpress\/wp-content\/uploads\/2025\/05\/0519_kinesio-1536x1152.jpg 1536w, https:\/\/mgkinesport.lu\/wordpress\/wp-content\/uploads\/2025\/05\/0519_kinesio-2048x1536.jpg 2048w\" sizes=\"auto, (max-width: 1024px) 100vw, 1024px\" \/><\/figure>\n\n\n\n<details class=\"wp-block-details has-text-color has-link-color wp-elements-d38dd8bcff3fe697b4768c167ec1e9ed is-layout-flow wp-block-details-is-layout-flow\" style=\"color:#233259\"><summary>En savoir plus<\/summary>\n<ul class=\"wp-block-list\">\n<li style=\"font-size:16px\">Fonction de soutien<\/li>\n\n\n\n<li style=\"font-size:16px\">Antalgie<\/li>\n\n\n\n<li style=\"font-size:16px\">Effet proprioceptif<\/li>\n<\/ul>\n<\/details>\n<\/div>\n<\/div>\n\n\n\n<div class=\"wp-block-columns is-layout-flex wp-container-core-columns-is-layout-9d6595d7 wp-block-columns-is-layout-flex\">\n<div class=\"wp-block-column is-layout-flow wp-block-column-is-layout-flow\"><\/div>\n\n\n\n<div class=\"wp-block-column is-layout-flow wp-block-column-is-layout-flow\"><\/div>\n<\/div>\n\n\n\n<p><\/p>\n","protected":false},"excerpt":{"rendered":"<p>Avec ses trois cabines individuelles et sa salle de sport enti\u00e8rement \u00e9quip\u00e9e, le cabinet dispose de conditions optimales pour assurer des r\u00e9\u00e9ducations sportives de qualit\u00e9. Salle de sport Piste de sprint Pressoth\u00e9rapie Ondes de choc Pistolet de massage Flossing Cryo compressive Crochetage Light trainer Kinesio taping<\/p>\n","protected":false},"author":1,"featured_media":0,"parent":0,"menu_order":0,"comment_status":"closed","ping_status":"closed","template":"","meta":{"footnotes":""},"class_list":["post-13","page","type-page","status-publish","hentry"],"_links":{"self":[{"href":"https:\/\/mgkinesport.lu\/wordpress\/wp-json\/wp\/v2\/pages\/13","targetHints":{"allow":["GET"]}}],"collection":[{"href":"https:\/\/mgkinesport.lu\/wordpress\/wp-json\/wp\/v2\/pages"}],"about":[{"href":"https:\/\/mgkinesport.lu\/wordpress\/wp-json\/wp\/v2\/types\/page"}],"author":[{"embeddable":true,"href":"https:\/\/mgkinesport.lu\/wordpress\/wp-json\/wp\/v2\/users\/1"}],"replies":[{"embeddable":true,"href":"https:\/\/mgkinesport.lu\/wordpress\/wp-json\/wp\/v2\/comments?post=13"}],"version-history":[{"count":83,"href":"https:\/\/mgkinesport.lu\/wordpress\/wp-json\/wp\/v2\/pages\/13\/revisions"}],"predecessor-version":[{"id":658,"href":"https:\/\/mgkinesport.lu\/wordpress\/wp-json\/wp\/v2\/pages\/13\/revisions\/658"}],"wp:attachment":[{"href":"https:\/\/mgkinesport.lu\/wordpress\/wp-json\/wp\/v2\/media?parent=13"}],"curies":[{"name":"wp","href":"https:\/\/api.w.org\/{rel}","templated":true}]}}